{"id":100,"date":"2020-01-02T19:42:30","date_gmt":"2020-01-02T19:42:30","guid":{"rendered":"http:\/\/empowerinclusion.org\/?page_id=100"},"modified":"2020-01-03T01:43:05","modified_gmt":"2020-01-03T01:43:05","slug":"resources","status":"publish","type":"page","link":"https:\/\/empowerinclusion.org\/es\/inclusion-101\/resources\/","title":{"rendered":"Recursos"},"content":{"rendered":"<p class=\"wp-block-paragraph\">Esta lista no es de ninguna manera exhaustiva, pero incluimos varias organizaciones que consideramos \u00fatiles. Cada organizaci\u00f3n ofrece algo \u00fanico; consulte cada una de ellas si no las conoce.<br><\/p>\n\n\n\n<p class=\"wp-block-paragraph\"><strong>The Arc:<\/strong> Seg\u00fan su sitio web, la misi\u00f3n de Arc es: \"promover y proteger los derechos humanos de las personas con discapacidades intelectuales y del desarrollo y apoyar activamente su plena inclusi\u00f3n y participaci\u00f3n en la comunidad durante toda su vida\". Visite su sitio web en <a href=\"http:\/\/www.thearc.org\">www.thearc.org<\/a><br><\/p>\n\n\n\n<p class=\"wp-block-paragraph\"><strong>Autism Law Center: <\/strong>Seg\u00fan su sitio web, el Autism Law Center ofrece servicios legales y de defensa para personas con autismo y otras discapacidades; los servicios incluyen la ley de educaci\u00f3n especial, opciones de tutela y asistencia m\u00e9dica, entre muchos otros. Visite su sitio web en <a href=\"http:\/\/autismlawcenter.com\">autismlawcenter.com<\/a><br><\/p>\n\n\n\n<p class=\"wp-block-paragraph\"><strong>PACER Center: <\/strong>Seg\u00fan su sitio web, el Centro Pacer \u201cEl Centro PACER mejora la calidad de vida y ampl\u00eda las oportunidades para ni\u00f1os, j\u00f3venes y adultos j\u00f3venes con todas las discapacidades y sus familias para que cada persona pueda alcanzar su m\u00e1ximo potencial. PACER opera seg\u00fan los principios de que los padres ayuden a los padres, apoyen a las familias, promuevan un entorno seguro para todos los ni\u00f1os y trabajen en colaboraci\u00f3n con los dem\u00e1s \u201d. Visite su sitio web en <a href=\"http:\/\/www.pacer.org\">www.pacer.org<\/a><br><\/p>\n\n\n\n<p class=\"wp-block-paragraph\"><strong>TIES Center: <\/strong>Seg\u00fan su sitio web, el \u201cTIES Center es el centro nacional de asistencia t\u00e9cnica sobre pr\u00e1cticas y pol\u00edticas inclusivas. Su prop\u00f3sito es crear cambios sostenibles en los sistemas educativos del distrito y de la escuela de jard\u00edn de infantes a octavo grado para que los estudiantes con discapacidades cognitivas significativas puedan participar plenamente en las mismas actividades instructivas y no instructivas que sus compa\u00f1eros de educaci\u00f3n general mientras se les instruye de una manera que se adapte necesidades de aprendizaje.\" Visite su sitio web en <a href=\"http:\/\/www.tiescenter.org\">www.tiescenter.org<\/a><br><\/p>\n\n\n\n<p class=\"wp-block-paragraph\"><strong>Transition Tennessee:<\/strong> Seg\u00fan su sitio web, Transition Tennessee \"ofrece recursos en l\u00ednea y en persona para preparar a los j\u00f3venes con discapacidades en edad de transici\u00f3n para la vida despu\u00e9s de la escuela secundaria\". Sus recursos en l\u00ednea incluyen una amplia gama de evaluaciones descargables relacionadas con la transici\u00f3n que pueden ser \u00fatiles en la planificaci\u00f3n y las evaluaciones de la transici\u00f3n. Visite su sitio web en<a href=\"http:\/\/www.transitiontn.org\"> www.transitiontn.org<\/a><br><\/p>","protected":false},"excerpt":{"rendered":"<p>This list is by no means exhaustive, but we included several organizations we find to be useful. Each organization offers something unique &#8211; check each of them out if they are unfamiliar to you! The Arc: According to their website, the Arc\u2019s mission is: \u201cpromoting and protecting the human rights of people with intellectual and [&hellip;]<\/p>\n","protected":false},"author":177625684,"featured_media":0,"parent":41,"menu_order":0,"comment_status":"closed","ping_status":"closed","template":"","meta":{"_coblocks_attr":"","_coblocks_dimensions":"","_coblocks_responsive_height":"","_coblocks_accordion_ie_support":"","_crdt_document":"","advanced_seo_description":"","jetpack_seo_html_title":"","jetpack_seo_noindex":false,"footnotes":""},"class_list":["post-100","page","type-page","status-publish","hentry"],"jetpack_likes_enabled":false,"jetpack_sharing_enabled":true,"jetpack_shortlink":"https:\/\/wp.me\/Pbzg4I-1C","amp_enabled":true,"_links":{"self":[{"href":"https:\/\/empowerinclusion.org\/es\/wp-json\/wp\/v2\/pages\/100","targetHints":{"allow":["GET"]}}],"collection":[{"href":"https:\/\/empowerinclusion.org\/es\/wp-json\/wp\/v2\/pages"}],"about":[{"href":"https:\/\/empowerinclusion.org\/es\/wp-json\/wp\/v2\/types\/page"}],"author":[{"embeddable":true,"href":"https:\/\/empowerinclusion.org\/es\/wp-json\/wp\/v2\/users\/177625684"}],"replies":[{"embeddable":true,"href":"https:\/\/empowerinclusion.org\/es\/wp-json\/wp\/v2\/comments?post=100"}],"version-history":[{"count":3,"href":"https:\/\/empowerinclusion.org\/es\/wp-json\/wp\/v2\/pages\/100\/revisions"}],"predecessor-version":[{"id":978,"href":"https:\/\/empowerinclusion.org\/es\/wp-json\/wp\/v2\/pages\/100\/revisions\/978"}],"up":[{"embeddable":true,"href":"https:\/\/empowerinclusion.org\/es\/wp-json\/wp\/v2\/pages\/41"}],"wp:attachment":[{"href":"https:\/\/empowerinclusion.org\/es\/wp-json\/wp\/v2\/media?parent=100"}],"curies":[{"name":"wp","href":"https:\/\/api.w.org\/{rel}","templated":true}]}}