{"id":175,"date":"2020-02-23T13:33:54","date_gmt":"2020-02-23T19:33:54","guid":{"rendered":"http:\/\/empowerinclusion.org\/?page_id=175"},"modified":"2021-12-02T00:20:11","modified_gmt":"2021-12-02T06:20:11","slug":"job-coaching","status":"publish","type":"page","link":"https:\/\/empowerinclusion.org\/es\/services\/job-coaching\/","title":{"rendered":"Colocaci\u00f3n laboral y entrenamiento"},"content":{"rendered":"<div class=\"wp-block-group\"><div class=\"wp-block-group__inner-container is-layout-flow wp-block-group-is-layout-flow\">\n<div class=\"wp-block-group alignwide\"><div class=\"wp-block-group__inner-container is-layout-flow wp-block-group-is-layout-flow\">\n<p class=\"wp-block-paragraph\">The phases of job placement include:<\/p>\n\n\n\n<ul class=\"wp-block-list\"><li>Researching potential positions that would be a good fit<\/li><li>Applying for positions<\/li><li>Interviewing<\/li><li>Onboarding<\/li><li>Employment maintenance<\/li><\/ul>\n\n\n\n<p class=\"wp-block-paragraph\">Each person needs a different level of support during each phase, and we can customize services to provide what you decide is right for you.<\/p>\n<\/div><\/div>\n<\/div><\/div>\n\n\n\n<hr class=\"wp-block-separator\"\/>\n\n\n\n<p class=\"wp-block-paragraph\">Before the first day of work, the team sits down to envision what independence looks like for the client at that job, then we outline the necessary supports, job coaching interventions, and benchmark goals which will help the client achieve independence at work. <\/p>\n\n\n\n<figure class=\"wp-block-pullquote alignwide has-vivid-cyan-blue-to-vivid-purple-gradient-background has-background has-small-font-size\"><blockquote><p>By entering into a partnership with independence in mind from day one, we focus on what we consider to be the true meaning of job coaching &#8211; working ourselves out of a job! <\/p><\/blockquote><\/figure>\n\n\n\n<p class=\"wp-block-paragraph\">Una vez que comienza el entrenamiento laboral, brindamos apoyo continuo para que el empleado domine todos los aspectos del trabajo que requieren el apoyo del entrenador laboral. Esto tambi\u00e9n incluye brindar capacitaci\u00f3n para la empresa en la creaci\u00f3n de un plan a largo plazo para el empleado, por ejemplo, mediante la discusi\u00f3n de apoyos naturales entre pares, horarios y adaptaciones que creen un ambiente de trabajo exitoso para el empleado. <\/p>\n\n\n\n<p class=\"wp-block-paragraph\">After a 90 day process, we re-assess as a team to determine if additional job coaching is needed and, if so, in what areas it is needed. Job coaching is meant to fade over time, as the employee masters their job and the employer develops an inclusive work environment. We understand that some individuals may need more or less time, and we work to tailor this process to the job seeker and employer\u2019s needs.<\/p>","protected":false},"excerpt":{"rendered":"<p>The phases of job placement include: Researching potential positions that would be a good fit Applying for positions Interviewing Onboarding Employment maintenance Each person needs a different level of support during each phase, and we can customize services to provide what you decide is right for you. Before the first day of work, the team [&hellip;]<\/p>\n","protected":false},"author":177625684,"featured_media":0,"parent":80,"menu_order":0,"comment_status":"closed","ping_status":"closed","template":"","meta":{"_coblocks_attr":"","_coblocks_dimensions":"","_coblocks_responsive_height":"","_coblocks_accordion_ie_support":"","_crdt_document":"","advanced_seo_description":"","jetpack_seo_html_title":"","jetpack_seo_noindex":false,"jetpack_post_was_ever_published":false,"footnotes":""},"class_list":["post-175","page","type-page","status-publish","hentry"],"jetpack_likes_enabled":false,"jetpack_sharing_enabled":true,"jetpack_shortlink":"https:\/\/wp.me\/Pbzg4I-2P","amp_enabled":true,"_links":{"self":[{"href":"https:\/\/empowerinclusion.org\/es\/wp-json\/wp\/v2\/pages\/175","targetHints":{"allow":["GET"]}}],"collection":[{"href":"https:\/\/empowerinclusion.org\/es\/wp-json\/wp\/v2\/pages"}],"about":[{"href":"https:\/\/empowerinclusion.org\/es\/wp-json\/wp\/v2\/types\/page"}],"author":[{"embeddable":true,"href":"https:\/\/empowerinclusion.org\/es\/wp-json\/wp\/v2\/users\/177625684"}],"replies":[{"embeddable":true,"href":"https:\/\/empowerinclusion.org\/es\/wp-json\/wp\/v2\/comments?post=175"}],"version-history":[{"count":7,"href":"https:\/\/empowerinclusion.org\/es\/wp-json\/wp\/v2\/pages\/175\/revisions"}],"predecessor-version":[{"id":1039,"href":"https:\/\/empowerinclusion.org\/es\/wp-json\/wp\/v2\/pages\/175\/revisions\/1039"}],"up":[{"embeddable":true,"href":"https:\/\/empowerinclusion.org\/es\/wp-json\/wp\/v2\/pages\/80"}],"wp:attachment":[{"href":"https:\/\/empowerinclusion.org\/es\/wp-json\/wp\/v2\/media?parent=175"}],"curies":[{"name":"wp","href":"https:\/\/api.w.org\/{rel}","templated":true}]}}