{"id":297,"date":"2020-05-06T10:00:17","date_gmt":"2020-05-06T15:00:17","guid":{"rendered":"http:\/\/empowerinclusion.org\/?page_id=297"},"modified":"2020-06-15T17:31:30","modified_gmt":"2020-06-15T22:31:30","slug":"private-pay","status":"publish","type":"page","link":"https:\/\/empowerinclusion.org\/es\/287-2\/private-pay\/","title":{"rendered":"Pago privado"},"content":{"rendered":"<p class=\"wp-block-paragraph\">Los clientes tienen la opci\u00f3n de utilizar el pago privado por nuestros servicios seg\u00fan nuestra tarifa por hora. Si desea obtener m\u00e1s informaci\u00f3n sobre c\u00f3mo puede ser el pago privado para usted o su familia, por favor <a href=\"https:\/\/empowerinclusion.org\/es\/contact\/\">Contacte a alg\u00fan miembro de nuestro staff<\/a> y estaremos encantados de agendar una reuni\u00f3n.<\/p>","protected":false},"excerpt":{"rendered":"<p>Clients have the option to utilize private pay for our services based on our hourly rate. If you would like to learn more about what private pay can look like for you or your family, please reach out to our staff and we would be happy to set up a meeting.<\/p>","protected":false},"author":177625684,"featured_media":0,"parent":287,"menu_order":0,"comment_status":"closed","ping_status":"closed","template":"","meta":{"_coblocks_attr":"","_coblocks_dimensions":"","_coblocks_responsive_height":"","_coblocks_accordion_ie_support":"","_crdt_document":"","advanced_seo_description":"","jetpack_seo_html_title":"","jetpack_seo_noindex":false,"jetpack_post_was_ever_published":false,"footnotes":""},"class_list":["post-297","page","type-page","status-publish","hentry"],"jetpack_likes_enabled":false,"jetpack_sharing_enabled":true,"jetpack_shortlink":"https:\/\/wp.me\/Pbzg4I-4N","amp_enabled":true,"_links":{"self":[{"href":"https:\/\/empowerinclusion.org\/es\/wp-json\/wp\/v2\/pages\/297","targetHints":{"allow":["GET"]}}],"collection":[{"href":"https:\/\/empowerinclusion.org\/es\/wp-json\/wp\/v2\/pages"}],"about":[{"href":"https:\/\/empowerinclusion.org\/es\/wp-json\/wp\/v2\/types\/page"}],"author":[{"embeddable":true,"href":"https:\/\/empowerinclusion.org\/es\/wp-json\/wp\/v2\/users\/177625684"}],"replies":[{"embeddable":true,"href":"https:\/\/empowerinclusion.org\/es\/wp-json\/wp\/v2\/comments?post=297"}],"version-history":[{"count":1,"href":"https:\/\/empowerinclusion.org\/es\/wp-json\/wp\/v2\/pages\/297\/revisions"}],"predecessor-version":[{"id":298,"href":"https:\/\/empowerinclusion.org\/es\/wp-json\/wp\/v2\/pages\/297\/revisions\/298"}],"up":[{"embeddable":true,"href":"https:\/\/empowerinclusion.org\/es\/wp-json\/wp\/v2\/pages\/287"}],"wp:attachment":[{"href":"https:\/\/empowerinclusion.org\/es\/wp-json\/wp\/v2\/media?parent=297"}],"curies":[{"name":"wp","href":"https:\/\/api.w.org\/{rel}","templated":true}]}}