{"id":314,"date":"2020-06-07T12:19:30","date_gmt":"2020-06-07T17:19:30","guid":{"rendered":"http:\/\/empowerinclusion.org\/?page_id=314"},"modified":"2021-11-04T18:45:43","modified_gmt":"2021-11-04T23:45:43","slug":"waiver-and-county-funding","status":"publish","type":"page","link":"https:\/\/empowerinclusion.org\/es\/287-2\/waiver-and-county-funding\/","title":{"rendered":"Exenci\u00f3n y Fondos del Condado"},"content":{"rendered":"<p class=\"wp-block-paragraph\">Nuestro negocio tiene una licencia 245D, lo que significa que estamos autorizados por el Departamento de Servicios Humanos de Minnesota para proporcionar servicios basados \u200b\u200ben el hogar y la comunidad en las \u00e1reas de: desarrollo de empleo, exploraci\u00f3n de empleo y servicios de apoyo al empleo. Tener una licencia 245D nos permite aceptar exenciones y fondos del condado.<\/p>\n\n\n\n<p class=\"wp-block-paragraph\">Si usted es una persona con una exenci\u00f3n, como una exenci\u00f3n de DD o CADI, podemos trabajar junto con su administrador de casos para que se paguen sus servicios. Muchas personas obtienen servicios como capacitaci\u00f3n laboral a largo plazo y reuniones PATH, por ejemplo, pagados a trav\u00e9s de sus exenciones.<\/p>\n\n\n\n<p class=\"wp-block-paragraph\">Los Servicios de Rehabilitaci\u00f3n Vocacional (VRS) y los condados a menudo se asocian para financiar los servicios de empleo, por lo que, por lo general, VRS financia los primeros 90 d\u00edas y luego, si los servicios a\u00fan son necesarios, la financiaci\u00f3n se convierte en exenci\u00f3n o pago del condado. Dado que nuestra empresa puede brindar servicios tanto para VRS como para los condados, podemos acompa\u00f1arlo en cada paso del camino.<\/p>\n\n\n\n<p class=\"wp-block-paragraph\">\u00bfPreguntas? <a href=\"https:\/\/empowerinclusion.org\/es\/contact\/\">Cont\u00e1ctenos hoy para hablar sobre el proceso.<\/a><\/p>\n\n\n\n<figure class=\"wp-block-pullquote\"><blockquote><p>No clue what a waiver is? That is okay! We think of it like an IEP for services and money an individual with a disability can get from the county they live in. Click <a href=\"https:\/\/mn.db101.org\/mn\/programs\/health_coverage\/waivers\/program.htm\">here<\/a> para aprender m\u00e1s.<\/p><\/blockquote><\/figure>","protected":false},"excerpt":{"rendered":"<p>Our business has a 245D license, which means we are licensed by the Minnesota Department of Human Services to provide Home and Community Based Services in the areas of: employment development, employment exploration, and employment support services. Having a 245D license enables us to accept waiver and county funding. If you are a person on [&hellip;]<\/p>\n","protected":false},"author":177625684,"featured_media":0,"parent":287,"menu_order":0,"comment_status":"closed","ping_status":"closed","template":"","meta":{"_coblocks_attr":"","_coblocks_dimensions":"","_coblocks_responsive_height":"","_coblocks_accordion_ie_support":"","_crdt_document":"","advanced_seo_description":"","jetpack_seo_html_title":"","jetpack_seo_noindex":false,"footnotes":""},"class_list":["post-314","page","type-page","status-publish","hentry"],"jetpack_likes_enabled":false,"jetpack_sharing_enabled":true,"jetpack_shortlink":"https:\/\/wp.me\/Pbzg4I-54","amp_enabled":true,"_links":{"self":[{"href":"https:\/\/empowerinclusion.org\/es\/wp-json\/wp\/v2\/pages\/314","targetHints":{"allow":["GET"]}}],"collection":[{"href":"https:\/\/empowerinclusion.org\/es\/wp-json\/wp\/v2\/pages"}],"about":[{"href":"https:\/\/empowerinclusion.org\/es\/wp-json\/wp\/v2\/types\/page"}],"author":[{"embeddable":true,"href":"https:\/\/empowerinclusion.org\/es\/wp-json\/wp\/v2\/users\/177625684"}],"replies":[{"embeddable":true,"href":"https:\/\/empowerinclusion.org\/es\/wp-json\/wp\/v2\/comments?post=314"}],"version-history":[{"count":4,"href":"https:\/\/empowerinclusion.org\/es\/wp-json\/wp\/v2\/pages\/314\/revisions"}],"predecessor-version":[{"id":774,"href":"https:\/\/empowerinclusion.org\/es\/wp-json\/wp\/v2\/pages\/314\/revisions\/774"}],"up":[{"embeddable":true,"href":"https:\/\/empowerinclusion.org\/es\/wp-json\/wp\/v2\/pages\/287"}],"wp:attachment":[{"href":"https:\/\/empowerinclusion.org\/es\/wp-json\/wp\/v2\/media?parent=314"}],"curies":[{"name":"wp","href":"https:\/\/api.w.org\/{rel}","templated":true}]}}