{"id":74,"date":"2019-12-30T20:26:34","date_gmt":"2019-12-30T20:26:34","guid":{"rendered":"http:\/\/empowerinclusion.org\/?page_id=74"},"modified":"2019-12-30T20:46:40","modified_gmt":"2019-12-30T20:46:40","slug":"workforce-innovation-and-opportunity-act-wioa","status":"publish","type":"page","link":"https:\/\/empowerinclusion.org\/es\/the-law\/workforce-innovation-and-opportunity-act-wioa\/","title":{"rendered":"Ley de Innovaci\u00f3n y Oportunidades de la Fuerza Laboral (WIOA)"},"content":{"rendered":"<p class=\"wp-block-paragraph\">WIOA son las siglas de Workforce Innovation and Opportunity Act, y es una legislaci\u00f3n federal la que proporciona fondos para el desarrollo de la fuerza laboral de nuestra naci\u00f3n al dirigirse espec\u00edficamente a las personas con barreras para el empleo, incluidas las personas con discapacidades. Si desea leer la legislaci\u00f3n WIOA en su totalidad, visite el <a href=\"https:\/\/www.congress.gov\/113\/bills\/hr803\/BILLS-113hr803enr.pdf\">Sitio web de WIOA<\/a>.<br><\/p>\n\n\n\n<p class=\"wp-block-paragraph\">El Departamento de Empleo y Desarrollo Econ\u00f3mico de Minnesota (MN DEED) cre\u00f3 una iniciativa estatal para cumplir con las disposiciones de WIOA. Destacamos informaci\u00f3n relevante para nuestra misi\u00f3n a continuaci\u00f3n, pero el Plan Estrat\u00e9gico Estatal de WIOA completo est\u00e1 disponible en el <a href=\"https:\/\/mn.gov\/deed\/assets\/wioa-state-strategic-plan_tcm1045-264923.pdf\">Sitio web de MN DEED<\/a>.<br><\/p>\n\n\n\n<p class=\"wp-block-paragraph\">Objetivos del plan: \u201c(1) Reducir las disparidades educativas y laborales basadas en la raza o la discapacidad para brindar mayores oportunidades a todos los habitantes de Minnesota. (2) Construir asociaciones sectoriales lideradas por empleadores enfocadas en una mejor comprensi\u00f3n de las habilidades que los empleadores necesitan y conectar a los trabajadores calificados con esas oportunidades \u201d(Plan Estrat\u00e9gico de Fuerza Laboral de MN, 2016, p. 3).<br><\/p>\n\n\n\n<p class=\"wp-block-paragraph\"><strong>En nuestras palabras: <\/strong>WIOA requiere que Minnesota haga que las oportunidades de empleo sean m\u00e1s accesibles y significativas para las personas con discapacidades trabajando tanto con las personas y sus familias como directamente con los empleadores.<br><\/p>","protected":false},"excerpt":{"rendered":"<p>WIOA stands for the Workforce Innovation and Opportunity Act, and it is federal legislation that provides funding for development of our nation\u2019s workforce by specifically targeting individuals with barriers to employment, including people with disabilities. If you would like to read the WIOA legislation in full, please visit the congress website\u2019s WIOA page. The Minnesota [&hellip;]<\/p>\n","protected":false},"author":177625684,"featured_media":0,"parent":63,"menu_order":0,"comment_status":"closed","ping_status":"closed","template":"","meta":{"_coblocks_attr":"","_coblocks_dimensions":"","_coblocks_responsive_height":"","_coblocks_accordion_ie_support":"","_crdt_document":"","advanced_seo_description":"","jetpack_seo_html_title":"","jetpack_seo_noindex":false,"jetpack_post_was_ever_published":false,"footnotes":""},"class_list":["post-74","page","type-page","status-publish","hentry"],"jetpack_likes_enabled":false,"jetpack_sharing_enabled":true,"jetpack_shortlink":"https:\/\/wp.me\/Pbzg4I-1c","amp_enabled":true,"_links":{"self":[{"href":"https:\/\/empowerinclusion.org\/es\/wp-json\/wp\/v2\/pages\/74","targetHints":{"allow":["GET"]}}],"collection":[{"href":"https:\/\/empowerinclusion.org\/es\/wp-json\/wp\/v2\/pages"}],"about":[{"href":"https:\/\/empowerinclusion.org\/es\/wp-json\/wp\/v2\/types\/page"}],"author":[{"embeddable":true,"href":"https:\/\/empowerinclusion.org\/es\/wp-json\/wp\/v2\/users\/177625684"}],"replies":[{"embeddable":true,"href":"https:\/\/empowerinclusion.org\/es\/wp-json\/wp\/v2\/comments?post=74"}],"version-history":[{"count":2,"href":"https:\/\/empowerinclusion.org\/es\/wp-json\/wp\/v2\/pages\/74\/revisions"}],"predecessor-version":[{"id":83,"href":"https:\/\/empowerinclusion.org\/es\/wp-json\/wp\/v2\/pages\/74\/revisions\/83"}],"up":[{"embeddable":true,"href":"https:\/\/empowerinclusion.org\/es\/wp-json\/wp\/v2\/pages\/63"}],"wp:attachment":[{"href":"https:\/\/empowerinclusion.org\/es\/wp-json\/wp\/v2\/media?parent=74"}],"curies":[{"name":"wp","href":"https:\/\/api.w.org\/{rel}","templated":true}]}}