{"id":77,"date":"2019-12-30T20:27:17","date_gmt":"2019-12-30T20:27:17","guid":{"rendered":"http:\/\/empowerinclusion.org\/?page_id=77"},"modified":"2020-03-26T20:30:20","modified_gmt":"2020-03-27T01:30:20","slug":"olmstead-plan","status":"publish","type":"page","link":"https:\/\/empowerinclusion.org\/es\/the-law\/olmstead-plan\/","title":{"rendered":"Plan Olmstead"},"content":{"rendered":"<p class=\"wp-block-paragraph translation-block\">El estado de Minnesota se rige por el Plan Olmstead, que \u201ces una amplia serie de actividades clave que nuestro estado debe realizar para garantizar que las personas con discapacidades vivan, aprendan, trabajen y disfruten de la vida en el entorno m\u00e1s integrado\u201d (MN DHS - Plan Olmstead, 2019). Si desea leer m\u00e1s sobre el Plan Olmstead, visite <a href=\"https:\/\/www.dhs.state.mn.us\/main\/idcplg?IdcService=GET_DYNAMIC_CONVERSION&amp;RevisionSelectionMethod=LatestReleased&amp;dDocName=opc_home\" target=\"_self\">the Olmstead Plan webpage<\/a> en el sitio web de MN DHS. Aqu\u00ed est\u00e1 la visi\u00f3n completa del Plan Olmstead:  <br><\/p>\n\n\n\n<p class=\"wp-block-paragraph\"><em>El subcabinete de Olmstead acepta la decisi\u00f3n de Olmstead como un componente clave para lograr un mejor Minnesota para todos los habitantes de Minnesota, y se esfuerza por garantizar que los habitantes de Minnesota con discapacidades tengan la oportunidad, tanto ahora como en el futuro, de vivir cerca de sus familias y amigos, de vivir de manera m\u00e1s independiente, participar en un empleo productivo y participar en la vida comunitaria. Esto incluye:<\/em><br><\/p>\n\n\n\n<p class=\"wp-block-paragraph\"><em>\u2022 La oportunidad y libertad para una elecci\u00f3n significativa, autodeterminaci\u00f3n y una mayor calidad de vida, a trav\u00e9s de: oportunidades de autosuficiencia econ\u00f3mica y opciones de empleo; opciones de ubicaci\u00f3n y situaci\u00f3n de vida, y tener los apoyos necesarios para permitir estas opciones;<\/em><br><\/p>\n\n\n\n<p class=\"wp-block-paragraph\"><em>\u2022 El cambio sist\u00e9mico apoya la autodeterminaci\u00f3n, a trav\u00e9s de pol\u00edticas y pr\u00e1cticas revisadas en todo el gobierno estatal y la identificaci\u00f3n y desarrollo continuos de oportunidades m\u00e1s all\u00e1 de las opciones disponibles en la actualidad; y<\/em><br><\/p>\n\n\n\n<p class=\"wp-block-paragraph\"><em>\u2022 Informaci\u00f3n f\u00e1cilmente disponible sobre derechos, opciones y riesgos y beneficios de estas opciones, y la capacidad de revisar las opciones a lo largo del tiempo. <\/em>(MN DHS &#8211; Olmstead Plan)<br><\/p>\n\n\n\n<p class=\"wp-block-paragraph\">El Plan Olmstead incluye objetivos relacionados con aumentos en la planificaci\u00f3n centrada en la persona, as\u00ed como metas espec\u00edficas para aumentar el n\u00famero de personas con discapacidades que trabajan en oportunidades de empleo competitivas e integradas. Seg\u00fan el Plan de trabajo de empleo de Olmstead, \u201cesta pol\u00edtica considera el empleo integrado competitivo como la primera y preferida opci\u00f3n para las personas con discapacidades. Las personas con discapacidades pueden elegir un empleo integrado y competitivo o no pueden oponerse a pasar a un empleo integrado competitivo, o pueden elegir el servicio diurno y \/ u otra opci\u00f3n de empleo \u201d(Plan de trabajo de empleo de Olmstead, 2019, p. 20). El Plan Olmstead apoya m\u00faltiples estrategias, incluido el aumento de la cantidad de experiencias laborales pagadas tempranas y la elecci\u00f3n informada de planificaci\u00f3n centrada en la persona, para promover el empleo competitivo e integrado entre adultos con discapacidades.<br><\/p>\n\n\n\n<p class=\"wp-block-paragraph\">Hay fondos estatales y federales disponibles, incluso a trav\u00e9s de los Servicios de rehabilitaci\u00f3n vocacional, para ayudar a las personas con discapacidades a lograr sus objetivos laborales.<br><\/p>","protected":false},"excerpt":{"rendered":"<p>The state of Minnesota abides by the Olmstead Plan which \u201cis a broad series of key activities our state must accomplish to ensure people with disabilities are living, learning, working, and enjoying life in the most integrated setting\u201d (MN DHS &#8211; Olmstead Plan, 2019). If you would like to read more about the Olmstead Plan, [&hellip;]<\/p>\n","protected":false},"author":177625684,"featured_media":0,"parent":63,"menu_order":0,"comment_status":"closed","ping_status":"closed","template":"","meta":{"_coblocks_attr":"","_coblocks_dimensions":"","_coblocks_responsive_height":"","_coblocks_accordion_ie_support":"","_crdt_document":"","advanced_seo_description":"","jetpack_seo_html_title":"","jetpack_seo_noindex":false,"footnotes":""},"class_list":["post-77","page","type-page","status-publish","hentry"],"jetpack_likes_enabled":false,"jetpack_sharing_enabled":true,"jetpack_shortlink":"https:\/\/wp.me\/Pbzg4I-1f","amp_enabled":true,"_links":{"self":[{"href":"https:\/\/empowerinclusion.org\/es\/wp-json\/wp\/v2\/pages\/77","targetHints":{"allow":["GET"]}}],"collection":[{"href":"https:\/\/empowerinclusion.org\/es\/wp-json\/wp\/v2\/pages"}],"about":[{"href":"https:\/\/empowerinclusion.org\/es\/wp-json\/wp\/v2\/types\/page"}],"author":[{"embeddable":true,"href":"https:\/\/empowerinclusion.org\/es\/wp-json\/wp\/v2\/users\/177625684"}],"replies":[{"embeddable":true,"href":"https:\/\/empowerinclusion.org\/es\/wp-json\/wp\/v2\/comments?post=77"}],"version-history":[{"count":3,"href":"https:\/\/empowerinclusion.org\/es\/wp-json\/wp\/v2\/pages\/77\/revisions"}],"predecessor-version":[{"id":284,"href":"https:\/\/empowerinclusion.org\/es\/wp-json\/wp\/v2\/pages\/77\/revisions\/284"}],"up":[{"embeddable":true,"href":"https:\/\/empowerinclusion.org\/es\/wp-json\/wp\/v2\/pages\/63"}],"wp:attachment":[{"href":"https:\/\/empowerinclusion.org\/es\/wp-json\/wp\/v2\/media?parent=77"}],"curies":[{"name":"wp","href":"https:\/\/api.w.org\/{rel}","templated":true}]}}