{"id":80,"date":"2019-12-30T14:28:05","date_gmt":"2019-12-30T20:28:05","guid":{"rendered":"http:\/\/empowerinclusion.org\/?page_id=80"},"modified":"2023-11-17T11:55:01","modified_gmt":"2023-11-17T17:55:01","slug":"services","status":"publish","type":"page","link":"https:\/\/empowerinclusion.org\/es\/services\/","title":{"rendered":"Servicios"},"content":{"rendered":"<p class=\"wp-block-paragraph\">Empower Inclusion focuses on all phases of the employment process, ranging from exploring potential careers to providing job coaching for an existing position. We strive to tailor our practices to be as individualized as the clients we serve. Our services fall under four main categories:<\/p>\n\n\n\n<div class=\"wp-block-columns alignwide has-3-columns is-layout-flex wp-container-core-columns-is-layout-8f761849 wp-block-columns-is-layout-flex\">\n<div class=\"wp-block-column is-vertically-aligned-center is-layout-flow wp-block-column-is-layout-flow\">\n<div class=\"wp-block-columns is-layout-flex wp-container-core-columns-is-layout-8f761849 wp-block-columns-is-layout-flex\">\n<div class=\"wp-block-column is-layout-flow wp-block-column-is-layout-flow\"><div class=\"wp-block-image is-style-default\">\n<figure class=\"aligncenter size-full is-resized\"><img data-recalc-dims=\"1\" loading=\"lazy\" decoding=\"async\" width=\"580\" height=\"390\" data-attachment-id=\"113\" data-permalink=\"https:\/\/empowerinclusion.org\/es\/canva-white-puzzle-with-the-last-missing-piece\/\" data-orig-file=\"https:\/\/i0.wp.com\/empowerinclusion.org\/wp-content\/uploads\/2020\/01\/canva-white-puzzle-with-the-last-missing-piece.jpg?fit=5800%2C3903&amp;ssl=1\" data-orig-size=\"5800,3903\" data-comments-opened=\"1\" data-image-meta=\"{&quot;aperture&quot;:&quot;4.8&quot;,&quot;credit&quot;:&quot;&quot;,&quot;camera&quot;:&quot;NIKON D7200&quot;,&quot;caption&quot;:&quot;&quot;,&quot;created_timestamp&quot;:&quot;0&quot;,&quot;copyright&quot;:&quot;&quot;,&quot;focal_length&quot;:&quot;40&quot;,&quot;iso&quot;:&quot;800&quot;,&quot;shutter_speed&quot;:&quot;0.003125&quot;,&quot;title&quot;:&quot;&quot;,&quot;orientation&quot;:&quot;1&quot;}\" data-image-title=\"canva-white-puzzle-with-the-last-missing-piece\" data-image-description=\"\" data-image-caption=\"\" data-large-file=\"https:\/\/i0.wp.com\/empowerinclusion.org\/wp-content\/uploads\/2020\/01\/canva-white-puzzle-with-the-last-missing-piece.jpg?fit=580%2C390&amp;ssl=1\" src=\"https:\/\/i0.wp.com\/empowerinclusion.org\/wp-content\/uploads\/2020\/01\/canva-white-puzzle-with-the-last-missing-piece.jpg?resize=580%2C390&#038;ssl=1\" alt=\"\" class=\"wp-image-113\" style=\"width:300px;height:190px\"\/><\/figure>\n<\/div>\n\n\n<h6 class=\"wp-block-heading has-text-align-center\" id=\"customized-employment\"><a href=\"https:\/\/empowerinclusion.org\/es\/services\/customized-employment\/\">Empleo Personalizado<\/a><\/h6>\n\n\n\n<p class=\"wp-block-paragraph\">Entrevistas y observaciones a profundidad que conducen a un curr\u00edculum visual, b\u00fasqueda de trabajo personalizada, entrevistas informativas y una oportunidad de empleo remunerada personalizada<\/p>\n<\/div>\n\n\n\n<div class=\"wp-block-column is-layout-flow wp-block-column-is-layout-flow\"><div class=\"wp-block-image is-style-default\">\n<figure class=\"aligncenter size-full is-resized\"><img data-recalc-dims=\"1\" loading=\"lazy\" decoding=\"async\" width=\"580\" height=\"387\" data-attachment-id=\"319\" data-permalink=\"https:\/\/empowerinclusion.org\/es\/canva-two-woman-chatting-2\/\" data-orig-file=\"https:\/\/i0.wp.com\/empowerinclusion.org\/wp-content\/uploads\/2020\/06\/canva-two-woman-chatting.jpg?fit=1024%2C683&amp;ssl=1\" data-orig-size=\"1024,683\" data-comments-opened=\"1\" data-image-meta=\"{&quot;aperture&quot;:&quot;1.8&quot;,&quot;credit&quot;:&quot;www.dgtportraits.com&quot;,&quot;camera&quot;:&quot;ILCE-7RM2&quot;,&quot;caption&quot;:&quot;&quot;,&quot;created_timestamp&quot;:&quot;1526474263&quot;,&quot;copyright&quot;:&quot;Danon Gabriel The&quot;,&quot;focal_length&quot;:&quot;85&quot;,&quot;iso&quot;:&quot;800&quot;,&quot;shutter_speed&quot;:&quot;0.005&quot;,&quot;title&quot;:&quot;&quot;,&quot;orientation&quot;:&quot;1&quot;}\" data-image-title=\"canva-two-woman-chatting\" data-image-description=\"\" data-image-caption=\"\" data-large-file=\"https:\/\/i0.wp.com\/empowerinclusion.org\/wp-content\/uploads\/2020\/06\/canva-two-woman-chatting.jpg?fit=580%2C387&amp;ssl=1\" src=\"https:\/\/i0.wp.com\/empowerinclusion.org\/wp-content\/uploads\/2020\/06\/canva-two-woman-chatting.jpg?resize=580%2C387&#038;ssl=1\" alt=\"\" class=\"wp-image-319\" style=\"width:300px;height:190px\"\/><\/figure>\n<\/div>\n\n\n<h6 class=\"wp-block-heading has-text-align-center\" id=\"pre-employment-transition-services\"><a href=\"https:\/\/empowerinclusion.org\/es\/services\/pre-employment-transition-services\/\">Servicios de Transici\u00f3n Previos al Empleo<\/a><\/h6>\n\n\n\n<p class=\"wp-block-paragraph\">Consejer\u00eda de Exploraci\u00f3n laboral, consejer\u00eda de educaci\u00f3n post-secundaria, capacitaci\u00f3n de preparaci\u00f3n para el lugar de trabajo, instrucci\u00f3n de autodefensa y aprendizaje basado en el trabajo. Estos tambi\u00e9n se conocen como servicios pre-ETS.<\/p>\n<\/div>\n<\/div>\n<\/div>\n<\/div>\n\n\n\n<div class=\"wp-block-columns alignwide has-3-columns is-layout-flex wp-container-core-columns-is-layout-8f761849 wp-block-columns-is-layout-flex\">\n<div class=\"wp-block-column is-vertically-aligned-center is-layout-flow wp-block-column-is-layout-flow\">\n<div class=\"wp-block-columns is-layout-flex wp-container-core-columns-is-layout-8f761849 wp-block-columns-is-layout-flex\">\n<div class=\"wp-block-column is-layout-flow wp-block-column-is-layout-flow\"><div class=\"wp-block-image is-style-default\">\n<figure class=\"aligncenter size-full is-resized\"><img data-recalc-dims=\"1\" loading=\"lazy\" decoding=\"async\" width=\"580\" height=\"387\" data-attachment-id=\"111\" data-permalink=\"https:\/\/empowerinclusion.org\/es\/canva-female-barista-brewing-coffee\/\" data-orig-file=\"https:\/\/i0.wp.com\/empowerinclusion.org\/wp-content\/uploads\/2020\/01\/canva-female-barista-brewing-coffee.jpg?fit=4104%2C2736&amp;ssl=1\" data-orig-size=\"4104,2736\" data-comments-opened=\"1\" data-image-meta=\"{&quot;aperture&quot;:&quot;4&quot;,&quot;credit&quot;:&quot;qb_Y64&quot;,&quot;camera&quot;:&quot;Canon EOS 6D&quot;,&quot;caption&quot;:&quot;&quot;,&quot;created_timestamp&quot;:&quot;1503990197&quot;,&quot;copyright&quot;:&quot;qby&quot;,&quot;focal_length&quot;:&quot;40&quot;,&quot;iso&quot;:&quot;2500&quot;,&quot;shutter_speed&quot;:&quot;0.01&quot;,&quot;title&quot;:&quot;&quot;,&quot;orientation&quot;:&quot;1&quot;}\" data-image-title=\"canva-female-barista-brewing-coffee\" data-image-description=\"\" data-image-caption=\"\" data-large-file=\"https:\/\/i0.wp.com\/empowerinclusion.org\/wp-content\/uploads\/2020\/01\/canva-female-barista-brewing-coffee.jpg?fit=580%2C387&amp;ssl=1\" src=\"https:\/\/i0.wp.com\/empowerinclusion.org\/wp-content\/uploads\/2020\/01\/canva-female-barista-brewing-coffee.jpg?resize=580%2C387&#038;ssl=1\" alt=\"\" class=\"wp-image-111\" style=\"width:300px;height:190px\"\/><\/figure>\n<\/div>\n\n\n<h6 class=\"wp-block-heading has-text-align-center\" id=\"job-placement-coaching\"><a href=\"https:\/\/empowerinclusion.org\/es\/services\/job-coaching\/\">Colocaci\u00f3n de trabajo y entrenamiento<\/a><\/h6>\n\n\n\n<p class=\"wp-block-paragraph\">Niveles escalonados de soporte seg\u00fan las preferencias del cliente. Puede incluir apoyo con solicitudes de empleo, entrevistas y \/ o capacitaci\u00f3n en el trabajo (Revisiones uno a uno  o en cualquier opci\u00f3n intermedia)<\/p>\n<\/div>\n\n\n\n<div class=\"wp-block-column is-layout-flow wp-block-column-is-layout-flow\"><div class=\"wp-block-image is-style-default\">\n<figure class=\"aligncenter size-full is-resized\"><img data-recalc-dims=\"1\" loading=\"lazy\" decoding=\"async\" width=\"580\" height=\"387\" data-attachment-id=\"115\" data-permalink=\"https:\/\/empowerinclusion.org\/es\/canva-low-angle-photo-of-people-doing-star-shape\/\" data-orig-file=\"https:\/\/i0.wp.com\/empowerinclusion.org\/wp-content\/uploads\/2020\/01\/canva-low-angle-photo-of-people-doing-star-shape.jpg?fit=6000%2C4000&amp;ssl=1\" data-orig-size=\"6000,4000\" data-comments-opened=\"1\" data-image-meta=\"{&quot;aperture&quot;:&quot;2.8&quot;,&quot;credit&quot;:&quot;&quot;,&quot;camera&quot;:&quot;NIKON D850&quot;,&quot;caption&quot;:&quot;&quot;,&quot;created_timestamp&quot;:&quot;1572443388&quot;,&quot;copyright&quot;:&quot;&quot;,&quot;focal_length&quot;:&quot;35&quot;,&quot;iso&quot;:&quot;1000&quot;,&quot;shutter_speed&quot;:&quot;0.00625&quot;,&quot;title&quot;:&quot;&quot;,&quot;orientation&quot;:&quot;1&quot;}\" data-image-title=\"canva-low-angle-photo-of-people-doing-star-shape\" data-image-description=\"\" data-image-caption=\"\" data-large-file=\"https:\/\/i0.wp.com\/empowerinclusion.org\/wp-content\/uploads\/2020\/01\/canva-low-angle-photo-of-people-doing-star-shape.jpg?fit=580%2C387&amp;ssl=1\" src=\"https:\/\/i0.wp.com\/empowerinclusion.org\/wp-content\/uploads\/2020\/01\/canva-low-angle-photo-of-people-doing-star-shape.jpg?resize=580%2C387&#038;ssl=1\" alt=\"\" class=\"wp-image-115\" style=\"width:300px;height:190px\"\/><\/figure>\n<\/div>\n\n\n<h6 class=\"wp-block-heading has-text-align-center\" id=\"inclusive-education\"><a href=\"https:\/\/empowerinclusion.org\/es\/services\/benefits-services\/\" data-type=\"page\" data-id=\"178\">benefits services<\/a><\/h6>\n\n\n\n<p class=\"wp-block-paragraph\">Benefits analysis and coaching to help clients understand how their benefits and earnings work together or to examine how future earnings would impact current benefits.<\/p>\n<\/div>\n<\/div>\n<\/div>\n<\/div>\n\n\n\n<div style=\"height:32px\" aria-hidden=\"true\" class=\"wp-block-spacer desktop-only\"><\/div>\n\n\n\n<p class=\"has-text-align-center has-background wp-block-paragraph\" style=\"background-color:#d3ecfb\">Empower Inclusion brinda servicios a trav\u00e9s de Servicios de Rehabilitaci\u00f3n Vocacional, fondos de exenci\u00f3n del condado y pago privado. <a href=\"https:\/\/empowerinclusion.org\/es\/287-2\/\" data-type=\"page\" data-id=\"287\">haz clic aqu\u00ed<\/a> para aprender m\u00e1s.<\/p>\n\n\n\n<div style=\"height:32px\" aria-hidden=\"true\" class=\"wp-block-spacer desktop-only\"><\/div>\n\n\n\n<h1 class=\"wp-block-heading has-text-align-center\" id=\"ready-to-feel-empowered\">Listo para sentirse empoderado? <\/h1>\n\n\n\n<div class=\"wp-block-group alignfull\"><div class=\"wp-block-group__inner-container is-layout-flow wp-block-group-is-layout-flow\">\n<div class=\"wp-block-group\"><div class=\"wp-block-group__inner-container is-layout-flow wp-block-group-is-layout-flow\">\n<div class=\"wp-block-button aligncenter\"><a class=\"wp-block-button__link wp-element-button\" href=\"https:\/\/empowerinclusion.org\/es\/contact\/\" title=\"\u00a1Ponte en contacto!\">\u00a1Ponte en contacto!<\/a><\/div>\n<\/div><\/div>\n<\/div><\/div>\n\n\n\n<div style=\"height:32px\" aria-hidden=\"true\" class=\"wp-block-spacer desktop-only\"><\/div>\n\n\n\n<hr class=\"wp-block-separator has-css-opacity is-style-wide\"\/>","protected":false},"excerpt":{"rendered":"<p>Empower Inclusion focuses on all phases of the employment process, ranging from exploring potential careers to providing job coaching for an existing position. We strive to tailor our practices to be as individualized as the clients we serve. Our services fall under four main categories: Customized Employment In-depth interviews and observations leading to a visual [&hellip;]<\/p>\n","protected":false},"author":177625684,"featured_media":0,"parent":0,"menu_order":0,"comment_status":"closed","ping_status":"closed","template":"","meta":{"_coblocks_attr":"","_coblocks_dimensions":"","_coblocks_responsive_height":"","_coblocks_accordion_ie_support":"","_crdt_document":"","advanced_seo_description":"","jetpack_seo_html_title":"","jetpack_seo_noindex":false,"footnotes":""},"class_list":["post-80","page","type-page","status-publish","hentry"],"jetpack_likes_enabled":false,"jetpack_sharing_enabled":true,"jetpack_shortlink":"https:\/\/wp.me\/Pbzg4I-1i","amp_enabled":true,"_links":{"self":[{"href":"https:\/\/empowerinclusion.org\/es\/wp-json\/wp\/v2\/pages\/80","targetHints":{"allow":["GET"]}}],"collection":[{"href":"https:\/\/empowerinclusion.org\/es\/wp-json\/wp\/v2\/pages"}],"about":[{"href":"https:\/\/empowerinclusion.org\/es\/wp-json\/wp\/v2\/types\/page"}],"author":[{"embeddable":true,"href":"https:\/\/empowerinclusion.org\/es\/wp-json\/wp\/v2\/users\/177625684"}],"replies":[{"embeddable":true,"href":"https:\/\/empowerinclusion.org\/es\/wp-json\/wp\/v2\/comments?post=80"}],"version-history":[{"count":36,"href":"https:\/\/empowerinclusion.org\/es\/wp-json\/wp\/v2\/pages\/80\/revisions"}],"predecessor-version":[{"id":1978,"href":"https:\/\/empowerinclusion.org\/es\/wp-json\/wp\/v2\/pages\/80\/revisions\/1978"}],"wp:attachment":[{"href":"https:\/\/empowerinclusion.org\/es\/wp-json\/wp\/v2\/media?parent=80"}],"curies":[{"name":"wp","href":"https:\/\/api.w.org\/{rel}","templated":true}]}}